{"id":5396,"date":"2023-10-14T16:45:20","date_gmt":"2023-10-14T13:45:20","guid":{"rendered":"http:\/\/yesillefke.com\/?post_type=product&#038;p=5396"},"modified":"2023-10-17T14:19:43","modified_gmt":"2023-10-17T11:19:43","slug":"naturel-sizma-zeytinyagi-1000ml-3","status":"publish","type":"product","link":"https:\/\/yesillefke.com\/en\/product\/naturel-sizma-zeytinyagi-1000ml-3\/","title":{"rendered":"Naturel S\u0131zma Zeytinya\u011f\u0131 &#8211; 1000ml"},"content":{"rendered":"","protected":false},"excerpt":{"rendered":"","protected":false},"featured_media":5397,"template":"","meta":[],"product_cat":[79],"product_tag":[],"class_list":["post-5396","product","type-product","status-publish","has-post-thumbnail","hentry","product_cat-naturel-sizma-zeytinyagi"],"_links":{"self":[{"href":"https:\/\/yesillefke.com\/en\/wp-json\/wp\/v2\/product\/5396","targetHints":{"allow":["GET"]}}],"collection":[{"href":"https:\/\/yesillefke.com\/en\/wp-json\/wp\/v2\/product"}],"about":[{"href":"https:\/\/yesillefke.com\/en\/wp-json\/wp\/v2\/types\/product"}],"wp:featuredmedia":[{"embeddable":true,"href":"https:\/\/yesillefke.com\/en\/wp-json\/wp\/v2\/media\/5397"}],"wp:attachment":[{"href":"https:\/\/yesillefke.com\/en\/wp-json\/wp\/v2\/media?parent=5396"}],"wp:term":[{"taxonomy":"product_cat","embeddable":true,"href":"https:\/\/yesillefke.com\/en\/wp-json\/wp\/v2\/product_cat?post=5396"},{"taxonomy":"product_tag","embeddable":true,"href":"https:\/\/yesillefke.com\/en\/wp-json\/wp\/v2\/product_tag?post=5396"}],"curies":[{"name":"wp","href":"https:\/\/api.w.org\/{rel}","templated":true}]}}