{"id":5302,"date":"2023-10-03T16:36:19","date_gmt":"2023-10-03T13:36:19","guid":{"rendered":"http:\/\/yesillefke.com\/?post_type=product&#038;p=5302"},"modified":"2023-10-17T14:25:56","modified_gmt":"2023-10-17T11:25:56","slug":"naturel-sizma-zeytinyagi-1000ml","status":"publish","type":"product","link":"https:\/\/yesillefke.com\/en\/product\/naturel-sizma-zeytinyagi-1000ml\/","title":{"rendered":"Naturel S\u0131zma Zeytinya\u011f\u0131 &#8211; 1000ml"},"content":{"rendered":"","protected":false},"excerpt":{"rendered":"","protected":false},"featured_media":5272,"template":"","meta":[],"product_cat":[79],"product_tag":[],"class_list":["post-5302","product","type-product","status-publish","has-post-thumbnail","hentry","product_cat-naturel-sizma-zeytinyagi"],"_links":{"self":[{"href":"https:\/\/yesillefke.com\/en\/wp-json\/wp\/v2\/product\/5302","targetHints":{"allow":["GET"]}}],"collection":[{"href":"https:\/\/yesillefke.com\/en\/wp-json\/wp\/v2\/product"}],"about":[{"href":"https:\/\/yesillefke.com\/en\/wp-json\/wp\/v2\/types\/product"}],"wp:featuredmedia":[{"embeddable":true,"href":"https:\/\/yesillefke.com\/en\/wp-json\/wp\/v2\/media\/5272"}],"wp:attachment":[{"href":"https:\/\/yesillefke.com\/en\/wp-json\/wp\/v2\/media?parent=5302"}],"wp:term":[{"taxonomy":"product_cat","embeddable":true,"href":"https:\/\/yesillefke.com\/en\/wp-json\/wp\/v2\/product_cat?post=5302"},{"taxonomy":"product_tag","embeddable":true,"href":"https:\/\/yesillefke.com\/en\/wp-json\/wp\/v2\/product_tag?post=5302"}],"curies":[{"name":"wp","href":"https:\/\/api.w.org\/{rel}","templated":true}]}}